{"id":804,"date":"2024-03-24T11:20:31","date_gmt":"2024-03-24T10:20:31","guid":{"rendered":"https:\/\/xyneo.pl\/?page_id=804"},"modified":"2024-03-24T12:06:19","modified_gmt":"2024-03-24T11:06:19","slug":"wyslij-opinie","status":"publish","type":"page","link":"https:\/\/xyneo.pl\/index.php\/wyslij-opinie\/","title":{"rendered":"Wy\u015blij opinie"},"content":{"rendered":"\n<p>Widzimy, \u017ce nie jeste\u015b usatysfakcjonowany z naszych us\u0142ug. Daj nam jednak szanse! Wszystko co robimy, robimy z my\u015bl\u0105 o Tobie! Napisz co nie &#8220;zagra\u0142o&#8221; w naszej wsp\u00f3\u0142pracy, a nasz zesp\u00f3\u0142 skontaktuje si\u0119 z Tob\u0105 i spr\u00f3buje naprawi\u0107 niedogodno\u015bci. <\/p>\n\n\n\n<p>Pami\u0119taj, Twoja opinia znaczy dla nas wiele!<\/p>\n\n\n\n<div class=\"wp-block-contact-form-7-contact-form-selector\">\n<div class=\"wpcf7 no-js\" id=\"wpcf7-f810-o1\" lang=\"pl-PL\" dir=\"ltr\">\n<div class=\"screen-reader-response\"><p role=\"status\" aria-live=\"polite\" aria-atomic=\"true\"><\/p> <ul><\/ul><\/div>\n<form action=\"\/index.php\/wp-json\/wp\/v2\/pages\/804#wpcf7-f810-o1\" method=\"post\" class=\"wpcf7-form init\" aria-label=\"Formularz kontaktowy\" novalidate=\"novalidate\" data-status=\"init\">\n<div style=\"display: none;\">\n<input type=\"hidden\" name=\"_wpcf7\" value=\"810\" \/>\n<input type=\"hidden\" name=\"_wpcf7_version\" value=\"5.9.3\" \/>\n<input type=\"hidden\" name=\"_wpcf7_locale\" value=\"pl_PL\" \/>\n<input type=\"hidden\" name=\"_wpcf7_unit_tag\" value=\"wpcf7-f810-o1\" \/>\n<input type=\"hidden\" name=\"_wpcf7_container_post\" value=\"0\" \/>\n<input type=\"hidden\" name=\"_wpcf7_posted_data_hash\" value=\"\" \/>\n<\/div>\n<p><label> Twoje imi\u0119 i nazwisko<br \/>\n<span class=\"wpcf7-form-control-wrap\" data-name=\"your-name\"><input size=\"40\" class=\"wpcf7-form-control wpcf7-text wpcf7-validates-as-required\" autocomplete=\"name\" aria-required=\"true\" aria-invalid=\"false\" value=\"\" type=\"text\" name=\"your-name\" \/><\/span> <\/label>\n<\/p>\n<p><label> Tw\u00f3j adres e-mail<br \/>\n<span class=\"wpcf7-form-control-wrap\" data-name=\"your-email\"><input size=\"40\" class=\"wpcf7-form-control wpcf7-email wpcf7-validates-as-required wpcf7-text wpcf7-validates-as-email\" autocomplete=\"email\" aria-required=\"true\" aria-invalid=\"false\" value=\"\" type=\"email\" name=\"your-email\" \/><\/span> <\/label>\n<\/p>\n<p><label> Twoja opinia<br \/>\n<span class=\"wpcf7-form-control-wrap\" data-name=\"your-message\"><textarea cols=\"40\" rows=\"10\" class=\"wpcf7-form-control wpcf7-textarea\" aria-invalid=\"false\" name=\"your-message\"><\/textarea><\/span> <\/label>\n<\/p>\n<p><span class=\"wpcf7-form-control-wrap\" data-name=\"accept-this-1\"><span class=\"wpcf7-form-control wpcf7-acceptance\"><span class=\"wpcf7-list-item\"><label><input type=\"checkbox\" name=\"accept-this-1\" value=\"1\" aria-invalid=\"false\" \/><span class=\"wpcf7-list-item-label\">Przesy\u0142aj\u0105c formularz wyra\u017casz zgod\u0119 na przetwarzanie swoich danych osobowych przez Centrum Medyczne \"XYNEO\", ul. Legion\u00f3w 2, 44-196 Knur\u00f3w.<\/span><\/label><\/span><\/span><\/span>\n<\/p>\n<p><input class=\"wpcf7-form-control wpcf7-submit has-spinner\" type=\"submit\" value=\"Wy\u015blij\" \/>\n<\/p><p style=\"display: none !important;\"><label>&#916;<textarea name=\"_wpcf7_ak_hp_textarea\" cols=\"45\" rows=\"8\" maxlength=\"100\"><\/textarea><\/label><input type=\"hidden\" id=\"ak_js_1\" name=\"_wpcf7_ak_js\" value=\"97\"\/><script>document.getElementById( \"ak_js_1\" ).setAttribute( \"value\", ( new Date() ).getTime() );<\/script><\/p><div class=\"wpcf7-response-output\" aria-hidden=\"true\"><\/div>\n<\/form>\n<\/div>\n<\/div>\n","protected":false},"excerpt":{"rendered":"<p>Widzimy, \u017ce nie jeste\u015b usatysfakcjonowany z naszych us\u0142ug. Daj nam jednak szanse! Wszystko co robimy, robimy z my\u015bl\u0105 o Tobie! Napisz co nie &#8220;zagra\u0142o&#8221; w naszej wsp\u00f3\u0142pracy, a nasz zesp\u00f3\u0142 skontaktuje si\u0119 z Tob\u0105 i spr\u00f3buje naprawi\u0107 niedogodno\u015bci. Pami\u0119taj, Twoja opinia znaczy dla nas wiele!<\/p>\n","protected":false},"author":1,"featured_media":0,"parent":0,"menu_order":0,"comment_status":"closed","ping_status":"closed","template":"","meta":{"footnotes":""},"class_list":["post-804","page","type-page","status-publish"],"_links":{"self":[{"href":"https:\/\/xyneo.pl\/index.php\/wp-json\/wp\/v2\/pages\/804","targetHints":{"allow":["GET"]}}],"collection":[{"href":"https:\/\/xyneo.pl\/index.php\/wp-json\/wp\/v2\/pages"}],"about":[{"href":"https:\/\/xyneo.pl\/index.php\/wp-json\/wp\/v2\/types\/page"}],"author":[{"embeddable":true,"href":"https:\/\/xyneo.pl\/index.php\/wp-json\/wp\/v2\/users\/1"}],"replies":[{"embeddable":true,"href":"https:\/\/xyneo.pl\/index.php\/wp-json\/wp\/v2\/comments?post=804"}],"version-history":[{"count":5,"href":"https:\/\/xyneo.pl\/index.php\/wp-json\/wp\/v2\/pages\/804\/revisions"}],"predecessor-version":[{"id":817,"href":"https:\/\/xyneo.pl\/index.php\/wp-json\/wp\/v2\/pages\/804\/revisions\/817"}],"wp:attachment":[{"href":"https:\/\/xyneo.pl\/index.php\/wp-json\/wp\/v2\/media?parent=804"}],"curies":[{"name":"wp","href":"https:\/\/api.w.org\/{rel}","templated":true}]}}