{"id":506,"date":"2022-11-01T12:57:28","date_gmt":"2022-11-01T11:57:28","guid":{"rendered":"https:\/\/xyneo.pl\/?page_id=506"},"modified":"2026-01-23T13:25:56","modified_gmt":"2026-01-23T12:25:56","slug":"chirurg","status":"publish","type":"page","link":"https:\/\/xyneo.pl\/index.php\/chirurg\/","title":{"rendered":"CHIRURGIA NACZYNIOWA"},"content":{"rendered":"\n<div style=\"height:6px\" aria-hidden=\"true\" class=\"wp-block-spacer\"><\/div>\n\n\n\n<div class=\"wp-block-columns is-layout-flex wp-container-core-columns-is-layout-9d6595d7 wp-block-columns-is-layout-flex\">\n<div class=\"wp-block-column is-layout-flow wp-block-column-is-layout-flow\" style=\"flex-basis:33.33%\"><\/div>\n\n\n\n<div class=\"wp-block-column is-layout-flow wp-block-column-is-layout-flow\" style=\"flex-basis:66.66%\">\n<div class=\"wp-block-media-text alignwide is-stacked-on-mobile\" style=\"grid-template-columns:25% auto\"><figure class=\"wp-block-media-text__media\"><img loading=\"lazy\" decoding=\"async\" width=\"582\" height=\"704\" src=\"https:\/\/xyneo.pl\/wp-content\/uploads\/2022\/10\/lekarz2.png\" alt=\"\" class=\"wp-image-409 size-full\" srcset=\"https:\/\/xyneo.pl\/wp-content\/uploads\/2022\/10\/lekarz2.png 582w, https:\/\/xyneo.pl\/wp-content\/uploads\/2022\/10\/lekarz2-248x300.png 248w\" sizes=\"auto, (max-width: 582px) 100vw, 582px\" \/><\/figure><div class=\"wp-block-media-text__content\">\n<p><br><strong>lek. Piotr K\u0142akus<\/strong><\/p>\n\n\n\n<p>specjalista chirurgii naczyniowej<br>specjalista chirurgii og\u00f3lnej<\/p>\n<\/div><\/div>\n<\/div>\n<\/div>\n\n\n\n<div class=\"wp-block-columns is-layout-flex wp-container-core-columns-is-layout-9d6595d7 wp-block-columns-is-layout-flex\">\n<div class=\"wp-block-column is-layout-flow wp-block-column-is-layout-flow\">\n<p><strong>Nasz specjalista<\/strong><\/p>\n\n\n\n<p><strong>lek. Piotr K\u0142akus \u2013 specjalista chirurgii naczyniowej i chirurgii og\u00f3lnej<\/strong><\/p>\n\n\n\n<p>Absolwent \u015al\u0105skiego Uniwersytetu Medycznego w Katowicach. Pracuje w Oddziale Chirurgii Og\u00f3lnej, Naczy\u0144, Angiologii i Flebologii G\u00f3rno\u015bl\u0105skiego Centrum Medycznego im. prof. Leszka Gieca w Katowicach-Ochojcu, specjalizuj\u0105c si\u0119 w diagnostyce i leczeniu chor\u00f3b t\u0119tnic oraz \u017cy\u0142.<\/p>\n\n\n\n<p>Szczeg\u00f3lnie zainteresowany nieinwazyjn\u0105 diagnostyk\u0105 ultrasonograficzn\u0105 naczy\u0144 krwiono\u015bnych oraz kompleksow\u0105 opiek\u0105 nad pacjentami z przewlek\u0142\u0105 niewydolno\u015bci\u0105 \u017cyln\u0105 i chorobami t\u0119tnic obwodowych.<\/p>\n\n\n\n<p>W swojej praktyce \u0142\u0105czy rzeteln\u0105 wiedz\u0119 medyczn\u0105 z indywidualnym podej\u015bciem do ka\u017cdego pacjenta. Wierzy, \u017ce dok\u0142adna diagnostyka i jasna komunikacja s\u0105 fundamentem skutecznego leczenia.<\/p>\n\n\n\n<p>Przyjmuje pacjent\u00f3w z problemami \u017cylnymi (\u017cylaki, obrz\u0119ki, owrzodzenia) oraz t\u0119tniczymi (zw\u0119\u017cenia t\u0119tnic, t\u0119tniaki, chromanie przestankowe).<\/p>\n\n\n\n<p><strong>Czym zajmuje si\u0119 Poradnia Chirurgii Naczyniowej?<\/strong><\/p>\n\n\n\n<p>Chirurgia naczyniowa to dziedzina medycyny zajmuj\u0105ca si\u0119 diagnostyk\u0105 oraz leczeniem chor\u00f3b naczy\u0144 krwiono\u015bnych \u2013 t\u0119tnic i \u017cy\u0142. Obejmuje ocen\u0119 zaburze\u0144 kr\u0105\u017cenia obwodowego (najcz\u0119\u015bciej w ko\u0144czynach dolnych) oraz wykrywanie patologicznych zw\u0119\u017ce\u0144 naczy\u0144 lub ich poszerzenia (t\u0119tniaki).<\/p>\n\n\n\n<p>Wczesne rozpoznanie chor\u00f3b naczyniowych ma kluczowe znaczenie \u2013 wiele z nich rozwija si\u0119 powoli i przez d\u0142ugi czas nie daje wyra\u017anych objaw\u00f3w. Regularna kontrola pozwala wykry\u0107 problem, zanim doprowadzi do powa\u017cnych powik\u0142a\u0144, takich jak udar m\u00f3zgu, zawa\u0142 serca czy utrata ko\u0144czyny.<\/p>\n\n\n\n<p><strong>Kiedy warto um\u00f3wi\u0107 si\u0119 na wizyt\u0119?<\/strong><\/p>\n\n\n\n<p>Z konsultacji z zakresu chirurgii naczyniowej warto skorzysta\u0107 w przypadku:<\/p>\n\n\n\n<p><strong>Problemy \u017cylne:<\/strong><\/p>\n\n\n\n<ul class=\"wp-block-list\">\n<li>\u017cylaki ko\u0144czyn dolnych oraz towarzysz\u0105ce im dolegliwo\u015bci<\/li>\n\n\n\n<li>nawracaj\u0105ce lub utrzymuj\u0105ce si\u0119 obrz\u0119ki n\u00f3g<\/li>\n\n\n\n<li>uczucie ci\u0119\u017cko\u015bci, napi\u0119cia lub b\u00f3lu n\u00f3g, nasilaj\u0105ce si\u0119 w ci\u0105gu dnia<\/li>\n\n\n\n<li>zmiany sk\u00f3rne na podudziach (przebarwienia, wyprysk, stwardnienia)<\/li>\n\n\n\n<li>rany na podudziu lub stopie, kt\u00f3re goj\u0105 si\u0119 wolniej ni\u017c oczekiwano<\/li>\n\n\n\n<li>przebyta zakrzepica \u017cy\u0142 g\u0142\u0119bokich<\/li>\n<\/ul>\n\n\n\n<p><strong>Problemy t\u0119tnicze:<\/strong><\/p>\n\n\n\n<ul class=\"wp-block-list\">\n<li>b\u00f3l ko\u0144czyn dolnych podczas chodzenia (tzw. chromanie przestankowe)<\/li>\n\n\n\n<li>zimne stopy, blado\u015b\u0107 lub sinienie palc\u00f3w<\/li>\n\n\n\n<li>podejrzenie lub stwierdzenie zw\u0119\u017ce\u0144 w t\u0119tnicach szyjnych \u2013 szczeg\u00f3lnie istotne u os\u00f3b po przebytym udarze niedokrwiennym m\u00f3zgu lub epizodzie przemijaj\u0105cego niedokrwienia m\u00f3zgu (TIA)<\/li>\n\n\n\n<li>podejrzenie lub stwierdzenie poszerzenia t\u0119tnic (t\u0119tniaki) \u2013 w tym t\u0119tniak aorty brzusznej, szczeg\u00f3lnie istotne u os\u00f3b z nadci\u015bnieniem t\u0119tniczym<\/li>\n\n\n\n<li>cukrzyca lub nadci\u015bnienie t\u0119tnicze z towarzysz\u0105cymi objawami ze strony ko\u0144czyn<\/li>\n<\/ul>\n\n\n\n<p><strong>Profilaktyka i kontrola:<\/strong><\/p>\n\n\n\n<ul class=\"wp-block-list\">\n<li>potrzeba specjalistycznej oceny naczy\u0144 w przypadku podejrzenia choroby t\u0119tnic lub \u017cy\u0142<\/li>\n\n\n\n<li>kwalifikacja do planowanych zabieg\u00f3w naczyniowych<\/li>\n\n\n\n<li>kontrola po wcze\u015bniejszych operacjach naczyniowych lub zabiegach wewn\u0105trznaczyniowych<\/li>\n\n\n\n<li>ocena stanu naczy\u0144 u os\u00f3b z czynnikami ryzyka (palenie tytoniu, cukrzyca, nadci\u015bnienie, podwy\u017cszony cholesterol, oty\u0142o\u015b\u0107)<\/li>\n<\/ul>\n\n\n\n<p>W zale\u017cno\u015bci od wskaza\u0144 klinicznych diagnostyka mo\u017ce zosta\u0107 uzupe\u0142niona o badanie USG Doppler naczy\u0144 \u2013 wykonywane w trakcie wizyty.<\/p>\n\n\n\n<p><strong>Jak przygotowa\u0107 si\u0119 do wizyty?<\/strong><\/p>\n\n\n\n<p>Aby konsultacja przebieg\u0142a sprawnie i umo\u017cliwi\u0142a pe\u0142n\u0105 ocen\u0119 Pa\u0144stwa stanu zdrowia, prosimy o przygotowanie:<\/p>\n\n\n\n<p><strong>Listy przyjmowanych lek\u00f3w<\/strong>&nbsp;\u2013 z podaniem nazw i dawek<\/p>\n\n\n\n<p><strong>Posiadanej dokumentacji medycznej<\/strong>&nbsp;\u2013 w szczeg\u00f3lno\u015bci:<\/p>\n\n\n\n<ul class=\"wp-block-list\">\n<li>wynik\u00f3w bada\u0144 laboratoryjnych<\/li>\n\n\n\n<li>kart informacyjnych ze szpitala<\/li>\n\n\n\n<li>opis\u00f3w wcze\u015bniejszych bada\u0144 obrazowych<\/li>\n<\/ul>\n\n\n\n<p><strong>W przypadku wcze\u015bniej wykonanej tomografii komputerowej (TK)<\/strong>&nbsp;\u2013 opisu badania oraz p\u0142yty CD z zapisem obraz\u00f3w<\/p>\n\n\n\n<p><strong>Wskaz\u00f3wka:<\/strong>&nbsp;Prosimy, aby dokumentacja by\u0142a kompletna i u\u0142o\u017cona w kolejno\u015bci chronologicznej (od najstarszej do najnowszej). U\u0142atwi to lekarzowi prze\u015bledzenie historii choroby i pozwoli na dok\u0142adniejsz\u0105 ocen\u0119.<\/p>\n\n\n\n<p>Im wi\u0119cej informacji b\u0119dziemy mieli do dyspozycji, tym trafniejsze b\u0119d\u0105 zalecenia.<\/p>\n\n\n\n<p><strong>Wa\u017cne informacje<\/strong><\/p>\n\n\n\n<p>Je\u015bli podczas wizyty oka\u017ce si\u0119, \u017ce potrzebne s\u0105 dodatkowe badania wykraczaj\u0105ce poza standardowy zakres konsultacji \u2013 zawsze poinformujemy o tym Pa\u0144stwa przed ich wykonaniem.<\/p>\n\n\n\n<p>Konsultacja nie obejmuje innych bada\u0144 obrazowych, takich jak tomografia komputerowa (TK). W przypadku konieczno\u015bci wykonania takich bada\u0144, wystawimy skierowanie, kt\u00f3re mog\u0105 Pa\u0144stwo zrealizowa\u0107 odp\u0142atnie w wybranej plac\u00f3wce diagnostycznej.<\/p>\n\n\n\n<p><strong>Najcz\u0119\u015bciej zadawane pytania (FAQ)<\/strong><\/p>\n\n\n\n<p><strong>Ile trwa wizyta?<\/strong>&nbsp;Wizyta pierwszorazowa trwa oko\u0142o 45\u201360 minut, co pozwala na dok\u0142adny wywiad, badanie fizykalne oraz ewentualne badanie USG Doppler. Wizyta kontrolna trwa zwykle 20\u201330 minut.<\/p>\n\n\n\n<p><strong>Czy musz\u0119 by\u0107 na czczo?<\/strong>&nbsp;Nie, do wizyty w Poradni Chirurgii Naczyniowej nie trzeba by\u0107 na czczo.<\/p>\n\n\n\n<p><strong>Czy badanie USG Doppler jest bolesne?<\/strong>&nbsp;Nie, badanie jest ca\u0142kowicie bezbolesne i nieinwazyjne. Polega na przy\u0142o\u017ceniu g\u0142owicy ultrasonograficznej do sk\u00f3ry pokrytej \u017celem.<\/p>\n\n\n\n<p><strong>Czy mog\u0119 przyj\u015b\u0107 bez skierowania?<\/strong>&nbsp;Tak, do prywatnej Poradni Chirurgii Naczyniowej nie jest wymagane skierowanie.<\/p>\n\n\n\n<p><strong>Co za\u0142o\u017cy\u0107 na wizyt\u0119?<\/strong>&nbsp;Prosimy o wygodny, lu\u017any str\u00f3j umo\u017cliwiaj\u0105cy \u0142atwy dost\u0119p do badanych okolic \u2013 najcz\u0119\u015bciej ko\u0144czyn dolnych. Warto unika\u0107 obcis\u0142ych spodni i wysokich but\u00f3w.<\/p>\n\n\n\n<p><strong>Czy od razu otrzymam diagnoz\u0119 i zalecenia?<\/strong>&nbsp;W wi\u0119kszo\u015bci przypadk\u00f3w tak \u2013 po badaniu lekarz om\u00f3wi z Pa\u0144stwem wyniki i przedstawi plan dalszego post\u0119powania. Je\u015bli b\u0119d\u0105 potrzebne dodatkowe badania, otrzymaj\u0105 Pa\u0144stwo odpowiednie skierowania.<\/p>\n\n\n\n<p><strong>Czy mog\u0119 zrealizowa\u0107 skierowanie na tomografi\u0119 w ramach NFZ?<\/strong>&nbsp;Niestety nie. Skierowanie wystawione podczas prywatnej konsultacji mo\u017ce by\u0107 zrealizowane wy\u0142\u0105cznie odp\u0142atnie. Wynika to z przepis\u00f3w reguluj\u0105cych finansowanie \u015bwiadcze\u0144 ze \u015brodk\u00f3w publicznych.<\/p>\n\n\n\n<p><strong>Jak cz\u0119sto powinnam\/powinienem si\u0119 kontrolowa\u0107?<\/strong>&nbsp;Cz\u0119stotliwo\u015b\u0107 wizyt kontrolnych zale\u017cy od rozpoznania i stanu zdrowia. Lekarz ustali indywidualny harmonogram kontroli podczas wizyty.<\/p>\n\n\n\n<p><strong>Cennik \u015bwiadcze\u0144 oraz szczeg\u00f3\u0142owy zakres konsultacji znajd\u0105 Pa\u0144stwo w zak\u0142adce\u00a0<\/strong><em><strong><a href=\"https:\/\/xyneo.pl\/index.php\/poradnia-onkologiczna\/\" data-type=\"page\" data-id=\"157\">Cennik<\/a><\/strong><\/em><strong>.<\/strong><\/p>\n<\/div>\n<\/div>\n\n\n<div class=\"wp-block-image\">\n<figure class=\"aligncenter size-large\"><img loading=\"lazy\" decoding=\"async\" width=\"1024\" height=\"745\" src=\"https:\/\/xyneo.pl\/wp-content\/uploads\/2026\/01\/Scan_20260119_174758-1-1024x745.jpg\" alt=\"\" class=\"wp-image-1115\" srcset=\"https:\/\/xyneo.pl\/wp-content\/uploads\/2026\/01\/Scan_20260119_174758-1-1024x745.jpg 1024w, https:\/\/xyneo.pl\/wp-content\/uploads\/2026\/01\/Scan_20260119_174758-1-300x218.jpg 300w, https:\/\/xyneo.pl\/wp-content\/uploads\/2026\/01\/Scan_20260119_174758-1-768x559.jpg 768w, https:\/\/xyneo.pl\/wp-content\/uploads\/2026\/01\/Scan_20260119_174758-1-1536x1117.jpg 1536w, https:\/\/xyneo.pl\/wp-content\/uploads\/2026\/01\/Scan_20260119_174758-1-2048x1490.jpg 2048w, https:\/\/xyneo.pl\/wp-content\/uploads\/2026\/01\/Scan_20260119_174758-1-24x17.jpg 24w, https:\/\/xyneo.pl\/wp-content\/uploads\/2026\/01\/Scan_20260119_174758-1-36x26.jpg 36w, https:\/\/xyneo.pl\/wp-content\/uploads\/2026\/01\/Scan_20260119_174758-1-48x35.jpg 48w\" sizes=\"auto, (max-width: 1024px) 100vw, 1024px\" \/><\/figure>\n<\/div>\n\n<div class=\"wp-block-image\">\n<figure class=\"aligncenter size-large\"><img loading=\"lazy\" decoding=\"async\" width=\"699\" height=\"1024\" src=\"https:\/\/xyneo.pl\/wp-content\/uploads\/2026\/01\/Scan_20260119_174555-699x1024.jpg\" alt=\"\" class=\"wp-image-1112\" srcset=\"https:\/\/xyneo.pl\/wp-content\/uploads\/2026\/01\/Scan_20260119_174555-699x1024.jpg 699w, https:\/\/xyneo.pl\/wp-content\/uploads\/2026\/01\/Scan_20260119_174555-205x300.jpg 205w, https:\/\/xyneo.pl\/wp-content\/uploads\/2026\/01\/Scan_20260119_174555-768x1125.jpg 768w, https:\/\/xyneo.pl\/wp-content\/uploads\/2026\/01\/Scan_20260119_174555-1049x1536.jpg 1049w, https:\/\/xyneo.pl\/wp-content\/uploads\/2026\/01\/Scan_20260119_174555-1398x2048.jpg 1398w, https:\/\/xyneo.pl\/wp-content\/uploads\/2026\/01\/Scan_20260119_174555-16x24.jpg 16w, https:\/\/xyneo.pl\/wp-content\/uploads\/2026\/01\/Scan_20260119_174555-25x36.jpg 25w, https:\/\/xyneo.pl\/wp-content\/uploads\/2026\/01\/Scan_20260119_174555-33x48.jpg 33w, https:\/\/xyneo.pl\/wp-content\/uploads\/2026\/01\/Scan_20260119_174555-scaled.jpg 1748w\" sizes=\"auto, (max-width: 699px) 100vw, 699px\" \/><\/figure>\n<\/div>\n\n<div class=\"wp-block-image\">\n<figure class=\"aligncenter size-large\"><img loading=\"lazy\" decoding=\"async\" width=\"711\" height=\"1024\" src=\"https:\/\/xyneo.pl\/wp-content\/uploads\/2026\/01\/Scan_20260119_174320-711x1024.jpg\" alt=\"\" class=\"wp-image-1110\" srcset=\"https:\/\/xyneo.pl\/wp-content\/uploads\/2026\/01\/Scan_20260119_174320-711x1024.jpg 711w, https:\/\/xyneo.pl\/wp-content\/uploads\/2026\/01\/Scan_20260119_174320-208x300.jpg 208w, https:\/\/xyneo.pl\/wp-content\/uploads\/2026\/01\/Scan_20260119_174320-768x1106.jpg 768w, https:\/\/xyneo.pl\/wp-content\/uploads\/2026\/01\/Scan_20260119_174320-1067x1536.jpg 1067w, https:\/\/xyneo.pl\/wp-content\/uploads\/2026\/01\/Scan_20260119_174320-1423x2048.jpg 1423w, https:\/\/xyneo.pl\/wp-content\/uploads\/2026\/01\/Scan_20260119_174320-17x24.jpg 17w, https:\/\/xyneo.pl\/wp-content\/uploads\/2026\/01\/Scan_20260119_174320-25x36.jpg 25w, https:\/\/xyneo.pl\/wp-content\/uploads\/2026\/01\/Scan_20260119_174320-33x48.jpg 33w, https:\/\/xyneo.pl\/wp-content\/uploads\/2026\/01\/Scan_20260119_174320-scaled.jpg 1778w\" sizes=\"auto, (max-width: 711px) 100vw, 711px\" \/><\/figure>\n<\/div>","protected":false},"excerpt":{"rendered":"<p>lek. Piotr K\u0142akus specjalista chirurgii naczyniowejspecjalista chirurgii og\u00f3lnej Nasz specjalista lek. Piotr K\u0142akus \u2013 specjalista chirurgii naczyniowej i chirurgii og\u00f3lnej Absolwent \u015al\u0105skiego Uniwersytetu Medycznego w Katowicach. Pracuje w Oddziale Chirurgii Og\u00f3lnej, Naczy\u0144, Angiologii i Flebologii G\u00f3rno\u015bl\u0105skiego Centrum Medycznego im. prof. Leszka Gieca w Katowicach-Ochojcu, specjalizuj\u0105c si\u0119 w diagnostyce i leczeniu chor\u00f3b t\u0119tnic oraz \u017cy\u0142. Szczeg\u00f3lnie &#8230; <a title=\"CHIRURGIA NACZYNIOWA\" class=\"read-more\" href=\"https:\/\/xyneo.pl\/index.php\/chirurg\/\" aria-label=\"More on CHIRURGIA NACZYNIOWA\">Czytaj dalej<\/a><\/p>\n","protected":false},"author":1,"featured_media":0,"parent":0,"menu_order":0,"comment_status":"closed","ping_status":"closed","template":"","meta":{"footnotes":""},"class_list":["post-506","page","type-page","status-publish"],"_links":{"self":[{"href":"https:\/\/xyneo.pl\/index.php\/wp-json\/wp\/v2\/pages\/506","targetHints":{"allow":["GET"]}}],"collection":[{"href":"https:\/\/xyneo.pl\/index.php\/wp-json\/wp\/v2\/pages"}],"about":[{"href":"https:\/\/xyneo.pl\/index.php\/wp-json\/wp\/v2\/types\/page"}],"author":[{"embeddable":true,"href":"https:\/\/xyneo.pl\/index.php\/wp-json\/wp\/v2\/users\/1"}],"replies":[{"embeddable":true,"href":"https:\/\/xyneo.pl\/index.php\/wp-json\/wp\/v2\/comments?post=506"}],"version-history":[{"count":23,"href":"https:\/\/xyneo.pl\/index.php\/wp-json\/wp\/v2\/pages\/506\/revisions"}],"predecessor-version":[{"id":1120,"href":"https:\/\/xyneo.pl\/index.php\/wp-json\/wp\/v2\/pages\/506\/revisions\/1120"}],"wp:attachment":[{"href":"https:\/\/xyneo.pl\/index.php\/wp-json\/wp\/v2\/media?parent=506"}],"curies":[{"name":"wp","href":"https:\/\/api.w.org\/{rel}","templated":true}]}}