{"id":220,"date":"2022-09-06T18:27:06","date_gmt":"2022-09-06T16:27:06","guid":{"rendered":"https:\/\/xyneo.pl\/?page_id=220"},"modified":"2024-04-18T22:14:05","modified_gmt":"2024-04-18T20:14:05","slug":"o-nas","status":"publish","type":"page","link":"https:\/\/xyneo.pl\/index.php\/o-nas\/","title":{"rendered":"O fundacji XYNEO"},"content":{"rendered":"\n<p>A wszystko zacz\u0119\u0142o si\u0119 tak \u2026<\/p>\n\n\n\n<p> Mi\u0142o\u015b\u0107&nbsp;do medycyny to nie tylko pasja, ale tak\u017ce ch\u0119\u0107 pomagania innym i ratowania \u017cycia. To fascynacja ludzkim cia\u0142em i jego funkcjonowaniem, uczucie, kt\u00f3re sprawia, \u017ce chce si\u0119 ca\u0142y czas uczy\u0107 i doskonali\u0107 swoje umiej\u0119tno\u015bci. Mi\u0142o\u015b\u0107 do medycyny to tak\u017ce codzienne wyzwania, trudno\u015bci, ale tak\u017ce rado\u015b\u0107 z ka\u017cdego sukcesu i ulga z ka\u017cdego udanego leczenia. Dzi\u0119ki sta\u0142emu post\u0119powi i innowacjom, medycyna jest w stanie sprosta\u0107 coraz wi\u0119kszej liczbie wyzwa\u0144 zdrowotnych i przyczyni\u0107 si\u0119 do poprawy stanu zdrowia pacjenta. Wsp\u00f3\u0142czesna medycyna nieustannie poszukuje nowych metod leczenia. Rozw\u00f3j terapii nowotworowych, terapii genowej czy immunoterapii umo\u017cliwiaj\u0105 lekarzom skuteczne zwalczanie chor\u00f3b, kt\u00f3re jeszcze niedawno uznawane by\u0142y za nieuleczalne. <\/p>\n\n\n\n<p><\/p>\n","protected":false},"excerpt":{"rendered":"<p>A wszystko zacz\u0119\u0142o si\u0119 tak \u2026 Mi\u0142o\u015b\u0107&nbsp;do medycyny to nie tylko pasja, ale tak\u017ce ch\u0119\u0107 pomagania innym i ratowania \u017cycia. To fascynacja ludzkim cia\u0142em i jego funkcjonowaniem, uczucie, kt\u00f3re sprawia, \u017ce chce si\u0119 ca\u0142y czas uczy\u0107 i doskonali\u0107 swoje umiej\u0119tno\u015bci. Mi\u0142o\u015b\u0107 do medycyny to tak\u017ce codzienne wyzwania, trudno\u015bci, ale tak\u017ce rado\u015b\u0107 z ka\u017cdego sukcesu i &#8230; <a title=\"O fundacji XYNEO\" class=\"read-more\" href=\"https:\/\/xyneo.pl\/index.php\/o-nas\/\" aria-label=\"More on O fundacji XYNEO\">Czytaj dalej<\/a><\/p>\n","protected":false},"author":1,"featured_media":0,"parent":0,"menu_order":0,"comment_status":"closed","ping_status":"closed","template":"","meta":{"footnotes":""},"class_list":["post-220","page","type-page","status-publish"],"_links":{"self":[{"href":"https:\/\/xyneo.pl\/index.php\/wp-json\/wp\/v2\/pages\/220","targetHints":{"allow":["GET"]}}],"collection":[{"href":"https:\/\/xyneo.pl\/index.php\/wp-json\/wp\/v2\/pages"}],"about":[{"href":"https:\/\/xyneo.pl\/index.php\/wp-json\/wp\/v2\/types\/page"}],"author":[{"embeddable":true,"href":"https:\/\/xyneo.pl\/index.php\/wp-json\/wp\/v2\/users\/1"}],"replies":[{"embeddable":true,"href":"https:\/\/xyneo.pl\/index.php\/wp-json\/wp\/v2\/comments?post=220"}],"version-history":[{"count":4,"href":"https:\/\/xyneo.pl\/index.php\/wp-json\/wp\/v2\/pages\/220\/revisions"}],"predecessor-version":[{"id":889,"href":"https:\/\/xyneo.pl\/index.php\/wp-json\/wp\/v2\/pages\/220\/revisions\/889"}],"wp:attachment":[{"href":"https:\/\/xyneo.pl\/index.php\/wp-json\/wp\/v2\/media?parent=220"}],"curies":[{"name":"wp","href":"https:\/\/api.w.org\/{rel}","templated":true}]}}